{"id":17,"date":"2021-09-29T16:01:02","date_gmt":"2021-09-29T13:01:02","guid":{"rendered":"http:\/\/www.jyfk.fi\/?page_id=17"},"modified":"2023-02-20T22:00:21","modified_gmt":"2023-02-20T20:00:21","slug":"etusivu","status":"publish","type":"page","link":"https:\/\/www.jyfk.fi\/en\/","title":{"rendered":"Front Page"},"content":{"rendered":"<p>Tervetuloa sivustollesi! T\u00e4m\u00e4 on etusivusi, jonka suurin osa sivustosi vierailijoista n\u00e4kee saapuessaan sivustollesi ensimm\u00e4ist\u00e4 kertaa.<\/p>","protected":false},"excerpt":{"rendered":"<p>Tervetuloa sivustollesi! T\u00e4m\u00e4 on etusivusi, jonka suurin osa sivustosi vierailijoista n\u00e4kee saapuessaan sivustollesi ensimm\u00e4ist\u00e4 kertaa.<\/p>","protected":false},"author":1,"featured_media":0,"parent":0,"menu_order":0,"comment_status":"closed","ping_status":"closed","template":"","meta":{"episode_type":"","audio_file":"","podmotor_file_id":"","podmotor_episode_id":"","cover_image":"","cover_image_id":"","duration":"","filesize":"","filesize_raw":"","date_recorded":"","explicit":"","block":"","itunes_episode_number":"","itunes_title":"","itunes_season_number":"","itunes_episode_type":"","_vp_format_video_url":"","_vp_image_focal_point":[],"footnotes":""},"class_list":["post-17","page","type-page","status-publish","hentry","grid-sizer"],"yoast_head":"<!-- This site is optimized with the Yoast SEO plugin v27.4 - https:\/\/yoast.com\/product\/yoast-seo-wordpress\/ -->\n<title>Etusivu - Jyv&auml;skyl&auml;n fyysikkokerho ry<\/title>\n<meta name=\"robots\" content=\"index, follow, max-snippet:-1, max-image-preview:large, max-video-preview:-1\" \/>\n<link rel=\"canonical\" href=\"https:\/\/www.jyfk.fi\/en\/\" \/>\n<meta property=\"og:locale\" content=\"en_GB\" \/>\n<meta property=\"og:type\" content=\"article\" \/>\n<meta property=\"og:title\" content=\"Etusivu - Jyv&auml;skyl&auml;n fyysikkokerho ry\" \/>\n<meta property=\"og:description\" content=\"Tervetuloa sivustollesi! T\u00e4m\u00e4 on etusivusi, jonka suurin osa sivustosi vierailijoista n\u00e4kee saapuessaan sivustollesi ensimm\u00e4ist\u00e4 kertaa.\" \/>\n<meta property=\"og:url\" content=\"https:\/\/www.jyfk.fi\/en\/\" \/>\n<meta property=\"og:site_name\" content=\"Jyv&auml;skyl&auml;n fyysikkokerho ry\" \/>\n<meta property=\"article:publisher\" content=\"https:\/\/www.facebook.com\/fk.jkl\/\" \/>\n<meta property=\"article:modified_time\" content=\"2023-02-20T20:00:21+00:00\" \/>\n<meta name=\"twitter:card\" content=\"summary_large_image\" \/>\n<meta name=\"twitter:label1\" content=\"Estimated reading time\" \/>\n\t<meta name=\"twitter:data1\" content=\"1 minute\" \/>\n<script type=\"application\/ld+json\" class=\"yoast-schema-graph\">{\"@context\":\"https:\\\/\\\/schema.org\",\"@graph\":[{\"@type\":\"WebPage\",\"@id\":\"https:\\\/\\\/www.jyfk.fi\\\/\",\"url\":\"https:\\\/\\\/www.jyfk.fi\\\/\",\"name\":\"Etusivu - Jyv&auml;skyl&auml;n fyysikkokerho ry\",\"isPartOf\":{\"@id\":\"https:\\\/\\\/www.jyfk.fi\\\/#website\"},\"datePublished\":\"2021-09-29T13:01:02+00:00\",\"dateModified\":\"2023-02-20T20:00:21+00:00\",\"breadcrumb\":{\"@id\":\"https:\\\/\\\/www.jyfk.fi\\\/#breadcrumb\"},\"inLanguage\":\"en-GB\",\"potentialAction\":[{\"@type\":\"ReadAction\",\"target\":[\"https:\\\/\\\/www.jyfk.fi\\\/\"]}]},{\"@type\":\"BreadcrumbList\",\"@id\":\"https:\\\/\\\/www.jyfk.fi\\\/#breadcrumb\",\"itemListElement\":[{\"@type\":\"ListItem\",\"position\":1,\"name\":\"Home\",\"item\":\"https:\\\/\\\/www.jyfk.fi\\\/\"},{\"@type\":\"ListItem\",\"position\":2,\"name\":\"Etusivu\"}]},{\"@type\":\"WebSite\",\"@id\":\"https:\\\/\\\/www.jyfk.fi\\\/#website\",\"url\":\"https:\\\/\\\/www.jyfk.fi\\\/\",\"name\":\"Jyv&auml;skyl&auml;n fyysikkokerho ry\",\"description\":\"Suomen fyysikkoseuran Jyv&auml;skyl&auml;n jaosto\",\"publisher\":{\"@id\":\"https:\\\/\\\/www.jyfk.fi\\\/#organization\"},\"potentialAction\":[{\"@type\":\"SearchAction\",\"target\":{\"@type\":\"EntryPoint\",\"urlTemplate\":\"https:\\\/\\\/www.jyfk.fi\\\/?s={search_term_string}\"},\"query-input\":{\"@type\":\"PropertyValueSpecification\",\"valueRequired\":true,\"valueName\":\"search_term_string\"}}],\"inLanguage\":\"en-GB\"},{\"@type\":\"Organization\",\"@id\":\"https:\\\/\\\/www.jyfk.fi\\\/#organization\",\"name\":\"Jyv&auml;skyl&auml;n fyysikkokerho ry\",\"url\":\"https:\\\/\\\/www.jyfk.fi\\\/\",\"logo\":{\"@type\":\"ImageObject\",\"inLanguage\":\"en-GB\",\"@id\":\"https:\\\/\\\/www.jyfk.fi\\\/#\\\/schema\\\/logo\\\/image\\\/\",\"url\":\"https:\\\/\\\/www.jyfk.fi\\\/wp-content\\\/uploads\\\/2021\\\/10\\\/cropped-f_k_transparent-e1633946315424.png\",\"contentUrl\":\"https:\\\/\\\/www.jyfk.fi\\\/wp-content\\\/uploads\\\/2021\\\/10\\\/cropped-f_k_transparent-e1633946315424.png\",\"width\":120,\"height\":120,\"caption\":\"Jyv&auml;skyl&auml;n fyysikkokerho ry\"},\"image\":{\"@id\":\"https:\\\/\\\/www.jyfk.fi\\\/#\\\/schema\\\/logo\\\/image\\\/\"},\"sameAs\":[\"https:\\\/\\\/www.facebook.com\\\/fk.jkl\\\/\",\"https:\\\/\\\/www.instagram.com\\\/jy_fk\\\/\"]}]}<\/script>\n<!-- \/ Yoast SEO plugin. -->","yoast_head_json":{"title":"Etusivu - Jyv&auml;skyl&auml;n fyysikkokerho ry","robots":{"index":"index","follow":"follow","max-snippet":"max-snippet:-1","max-image-preview":"max-image-preview:large","max-video-preview":"max-video-preview:-1"},"canonical":"https:\/\/www.jyfk.fi\/en\/","og_locale":"en_GB","og_type":"article","og_title":"Etusivu - Jyv&auml;skyl&auml;n fyysikkokerho ry","og_description":"Tervetuloa sivustollesi! T\u00e4m\u00e4 on etusivusi, jonka suurin osa sivustosi vierailijoista n\u00e4kee saapuessaan sivustollesi ensimm\u00e4ist\u00e4 kertaa.","og_url":"https:\/\/www.jyfk.fi\/en\/","og_site_name":"Jyv&auml;skyl&auml;n fyysikkokerho ry","article_publisher":"https:\/\/www.facebook.com\/fk.jkl\/","article_modified_time":"2023-02-20T20:00:21+00:00","twitter_card":"summary_large_image","twitter_misc":{"Estimated reading time":"1 minute"},"schema":{"@context":"https:\/\/schema.org","@graph":[{"@type":"WebPage","@id":"https:\/\/www.jyfk.fi\/","url":"https:\/\/www.jyfk.fi\/","name":"Etusivu - Jyv&auml;skyl&auml;n fyysikkokerho ry","isPartOf":{"@id":"https:\/\/www.jyfk.fi\/#website"},"datePublished":"2021-09-29T13:01:02+00:00","dateModified":"2023-02-20T20:00:21+00:00","breadcrumb":{"@id":"https:\/\/www.jyfk.fi\/#breadcrumb"},"inLanguage":"en-GB","potentialAction":[{"@type":"ReadAction","target":["https:\/\/www.jyfk.fi\/"]}]},{"@type":"BreadcrumbList","@id":"https:\/\/www.jyfk.fi\/#breadcrumb","itemListElement":[{"@type":"ListItem","position":1,"name":"Home","item":"https:\/\/www.jyfk.fi\/"},{"@type":"ListItem","position":2,"name":"Etusivu"}]},{"@type":"WebSite","@id":"https:\/\/www.jyfk.fi\/#website","url":"https:\/\/www.jyfk.fi\/","name":"Jyv\u00e4skyl\u00e4's Physicists' Club","description":"Local section of the Finnish Physical Society","publisher":{"@id":"https:\/\/www.jyfk.fi\/#organization"},"potentialAction":[{"@type":"SearchAction","target":{"@type":"EntryPoint","urlTemplate":"https:\/\/www.jyfk.fi\/?s={search_term_string}"},"query-input":{"@type":"PropertyValueSpecification","valueRequired":true,"valueName":"search_term_string"}}],"inLanguage":"en-GB"},{"@type":"Organization","@id":"https:\/\/www.jyfk.fi\/#organization","name":"Jyv\u00e4skyl\u00e4's Physicists' Club","url":"https:\/\/www.jyfk.fi\/","logo":{"@type":"ImageObject","inLanguage":"en-GB","@id":"https:\/\/www.jyfk.fi\/#\/schema\/logo\/image\/","url":"https:\/\/www.jyfk.fi\/wp-content\/uploads\/2021\/10\/cropped-f_k_transparent-e1633946315424.png","contentUrl":"https:\/\/www.jyfk.fi\/wp-content\/uploads\/2021\/10\/cropped-f_k_transparent-e1633946315424.png","width":120,"height":120,"caption":"Jyv&auml;skyl&auml;n fyysikkokerho ry"},"image":{"@id":"https:\/\/www.jyfk.fi\/#\/schema\/logo\/image\/"},"sameAs":["https:\/\/www.facebook.com\/fk.jkl\/","https:\/\/www.instagram.com\/jy_fk\/"]}]}},"_links":{"self":[{"href":"https:\/\/www.jyfk.fi\/en\/wp-json\/wp\/v2\/pages\/17","targetHints":{"allow":["GET"]}}],"collection":[{"href":"https:\/\/www.jyfk.fi\/en\/wp-json\/wp\/v2\/pages"}],"about":[{"href":"https:\/\/www.jyfk.fi\/en\/wp-json\/wp\/v2\/types\/page"}],"author":[{"embeddable":true,"href":"https:\/\/www.jyfk.fi\/en\/wp-json\/wp\/v2\/users\/1"}],"replies":[{"embeddable":true,"href":"https:\/\/www.jyfk.fi\/en\/wp-json\/wp\/v2\/comments?post=17"}],"version-history":[{"count":2,"href":"https:\/\/www.jyfk.fi\/en\/wp-json\/wp\/v2\/pages\/17\/revisions"}],"predecessor-version":[{"id":1384,"href":"https:\/\/www.jyfk.fi\/en\/wp-json\/wp\/v2\/pages\/17\/revisions\/1384"}],"wp:attachment":[{"href":"https:\/\/www.jyfk.fi\/en\/wp-json\/wp\/v2\/media?parent=17"}],"curies":[{"name":"wp","href":"https:\/\/api.w.org\/{rel}","templated":true}]}}